{"id":26059,"date":"2024-03-26T08:02:02","date_gmt":"2024-03-26T05:02:02","guid":{"rendered":"https:\/\/www.3-goz.com\/hikmet-baydar-kimdir\/"},"modified":"2025-01-14T14:43:28","modified_gmt":"2025-01-14T11:43:28","slug":"who-is-hikmet-baydar","status":"publish","type":"page","link":"https:\/\/www.3-goz.com\/en\/who-is-hikmet-baydar\/","title":{"rendered":"Who is Hikmet Baydar?"},"content":{"rendered":"\t\t<div data-elementor-type=\"wp-page\" data-elementor-id=\"26059\" class=\"elementor elementor-26059 elementor-2260\" data-elementor-post-type=\"page\">\n\t\t\t\t        <section class=\"elementor-section elementor-top-section elementor-element elementor-element-3fb8f08 elementor-section-boxed elementor-section-height-default elementor-section-height-default pxl-row-scroll-none pxl-zoom-point-false pxl-section-overflow-visible pxl-section-fix-none pxl-bg-color-none pxl-section-overlay-none\" data-id=\"3fb8f08\" data-element_type=\"section\" data-e-type=\"section\">\n\n                \n                <div class=\"elementor-container elementor-column-gap-extended \">\n                <div class=\"elementor-column elementor-col-50 elementor-top-column elementor-element elementor-element-c48894a pxl-column-none pxl-column-overflow-hidden-no\" data-id=\"c48894a\" data-element_type=\"column\" data-e-type=\"column\">\r\n        <div class=\"elementor-widget-wrap elementor-element-populated\">\r\n                     \r\n        \t\t<div class=\"elementor-element elementor-element-6caae28 elementor-widget__width-inherit elementor-widget elementor-widget-pxl_image\" data-id=\"6caae28\" data-element_type=\"widget\" data-e-type=\"widget\" data-widget_type=\"pxl_image.default\">\n\t\t\t\t<div class=\"elementor-widget-container\">\n\t\t\t\t\t<div id=\"pxl_image-6caae28-5168\"  class=\"pxl-image-single    \"  data-wow-delay=\"ms\" \r\n      \r\n          data-parallax-value = \"0\">\r\n    <div class=\"pxl-item--inner\" data-wow-delay=\"120ms\">\r\n                                    <div class=\"pxl-item--image\" >\r\n                                            <img fetchpriority=\"high\" decoding=\"async\" width=\"1200\" height=\"1700\" src=\"https:\/\/www.3-goz.com\/wp-content\/uploads\/2024\/11\/hikmet-baydar.jpg\" class=\"no-lazyload attachment-full\" alt=\"hakk\u0131m\u0131zda\" \/>                                    <\/div>\r\n                                                                    <\/div>\r\n<\/div>\r\n\t\t\t\t<\/div>\n\t\t\t\t<\/div>\n\t\t\t\t<div class=\"elementor-element elementor-element-c7b194f elementor-widget elementor-widget-pxl_heading\" data-id=\"c7b194f\" data-element_type=\"widget\" data-e-type=\"widget\" data-widget_type=\"pxl_heading.default\">\n\t\t\t\t<div class=\"elementor-widget-container\">\n\t\t\t\t\t\n<div id=\"pxl-pxl_heading-c7b194f-1699\" class=\"pxl-heading   \" >\n\t<div class=\"pxl-heading--container\" >\n\t\t<div class=\"pxl-heading--inner\">\n\t\t\t\t\t\t\t<div class=\"pxl-item--subtitle \" data-wow-delay=\"ms\">\n\t\t\t\t\t<span class=\"pxl-item--subtext \">\n\t\t\t\t\t\tEconomist\t\t\t\t\t<\/span>\n\t\t\t\t<\/div>\n\t\t\t\t\t\t\t\t\t<h2 class=\"pxl-item--title pxl-heading-custom  \" data-wow-delay=\"ms\">\n\t\t\t\tHikmet BAYDAR\t\t\t\t\t\n\t\t\t\t\t\t\t<\/h2>\n\t\t<\/div>\n\t\t\n\t<\/div>\n<\/div>\n\t\t\t\t<\/div>\n\t\t\t\t<\/div>\n\t\t\t\t<div class=\"elementor-element elementor-element-9be6059 elementor-widget elementor-widget-pxl_heading\" data-id=\"9be6059\" data-element_type=\"widget\" data-e-type=\"widget\" data-widget_type=\"pxl_heading.default\">\n\t\t\t\t<div class=\"elementor-widget-container\">\n\t\t\t\t\t\n<div id=\"pxl-pxl_heading-9be6059-2456\" class=\"pxl-heading   \" >\n\t<div class=\"pxl-heading--container\" >\n\t\t<div class=\"pxl-heading--inner\">\n\t\t\t\t\t\t\t<div class=\"pxl-item--subtitle \" data-wow-delay=\"ms\">\n\t\t\t\t\t<span class=\"pxl-item--subtext pxl-p1\">\n\t\t\t\t\t\tEmail Address\t\t\t\t\t<\/span>\n\t\t\t\t<\/div>\n\t\t\t\t\t\t\t\t\t<h4 class=\"pxl-item--title pxl-heading-custom  \" data-wow-delay=\"ms\">\n\t\t\t\thikmetbaydar@3-goz.com\t\t\t\t\t\n\t\t\t\t\t\t\t<\/h4>\n\t\t<\/div>\n\t\t\n\t<\/div>\n<\/div>\n\t\t\t\t<\/div>\n\t\t\t\t<\/div>\n\t\t\t\t<div class=\"elementor-element elementor-element-56a5cd3 elementor-widget elementor-widget-pxl_heading\" data-id=\"56a5cd3\" data-element_type=\"widget\" data-e-type=\"widget\" data-widget_type=\"pxl_heading.default\">\n\t\t\t\t<div class=\"elementor-widget-container\">\n\t\t\t\t\t\n<div id=\"pxl-pxl_heading-56a5cd3-3886\" class=\"pxl-heading   \" >\n\t<div class=\"pxl-heading--container\" >\n\t\t<div class=\"pxl-heading--inner\">\n\t\t\t\t\t\t\t<div class=\"pxl-item--subtitle \" data-wow-delay=\"ms\">\n\t\t\t\t\t<span class=\"pxl-item--subtext pxl-p1\">\n\t\t\t\t\t\tPhone Number\t\t\t\t\t<\/span>\n\t\t\t\t<\/div>\n\t\t\t\t\t\t\t\t\t<h4 class=\"pxl-item--title pxl-heading-custom  \" data-wow-delay=\"ms\">\n\t\t\t\t+90 (212) 882 16 62\n\t\t\t\t\t\n\t\t\t\t\t\t\t<\/h4>\n\t\t<\/div>\n\t\t\n\t<\/div>\n<\/div>\n\t\t\t\t<\/div>\n\t\t\t\t<\/div>\n\t\t\t\t<div class=\"elementor-element elementor-element-6d5fc66 elementor-widget elementor-widget-pxl_heading\" data-id=\"6d5fc66\" data-element_type=\"widget\" data-e-type=\"widget\" data-widget_type=\"pxl_heading.default\">\n\t\t\t\t<div class=\"elementor-widget-container\">\n\t\t\t\t\t\n<div id=\"pxl-pxl_heading-6d5fc66-5535\" class=\"pxl-heading   \" >\n\t<div class=\"pxl-heading--container\" >\n\t\t<div class=\"pxl-heading--inner\">\n\t\t\t\t\t\t\t<div class=\"pxl-item--subtitle \" data-wow-delay=\"ms\">\n\t\t\t\t\t<span class=\"pxl-item--subtext pxl-p1\">\n\t\t\t\t\t\tAddress\t\t\t\t\t<\/span>\n\t\t\t\t<\/div>\n\t\t\t\t\t\t\t\t\t<h4 class=\"pxl-item--title pxl-heading-custom  \" data-wow-delay=\"ms\">\n\t\t\t\tTurgut \u00d6zal Blv., Bayram Sok. 8\/A Blok: 02 B.\u00c7ekmece \u0130STANBUL\t\t\t\t\t\n\t\t\t\t\t\t\t<\/h4>\n\t\t<\/div>\n\t\t\n\t<\/div>\n<\/div>\n\t\t\t\t<\/div>\n\t\t\t\t<\/div>\n\t\t\t\t<div class=\"elementor-element elementor-element-7a51c22 elementor-widget__width-auto elementor-widget elementor-widget-pxl_social_share\" data-id=\"7a51c22\" data-element_type=\"widget\" data-e-type=\"widget\" data-widget_type=\"pxl_social_share.default\">\n\t\t\t\t<div class=\"elementor-widget-container\">\n\t\t\t\t\t\r\n<div class=\"pxl-social-share style-round-box3 hover-default pxl-layout-horizontal \" data-wow-delay=\"ms\">\r\n    <div class=\"pxl-social--inner\">\r\n                <div class=\"pxl-items \" >\r\n                                <a class=\"pxl-item pxl-link pxl-white \" href=\"https:\/\/www.instagram.com\/3gozdanismanlik\/\" target=\"_blank\" rel=\"noopener\">\r\n                        <i aria-hidden=\"true\" class=\"fab fa-instagram\"><\/i>                    <\/a>\r\n                                    <a class=\"pxl-item pxl-link pxl-white \" href=\"https:\/\/www.facebook.com\/3gozdanismanlik\" target=\"_blank\" rel=\"noopener\">\r\n                        <i aria-hidden=\"true\" class=\"fab fa-facebook-f\"><\/i>                    <\/a>\r\n                                    <a class=\"pxl-item pxl-link pxl-white \" href=\"https:\/\/api.whatsapp.com\/send?phone=905334184181\" target=\"_blank\" rel=\"noopener\">\r\n                        <i aria-hidden=\"true\" class=\"fab fa-whatsapp\"><\/i>                    <\/a>\r\n                                    <a class=\"pxl-item pxl-link pxl-white \" href=\"https:\/\/x.com\/3GOZDanismanlik\">\r\n                        <i aria-hidden=\"true\" class=\"fab fa-x-twitter\"><\/i>                    <\/a>\r\n                                    <a class=\"pxl-item pxl-link pxl-white \" href=\"https:\/\/www.3-goz.com\/basinda-biz\/#\">\r\n                        <i aria-hidden=\"true\" class=\"fab fa-linkedin-in\"><\/i>                    <\/a>\r\n                                    <a class=\"pxl-item pxl-link pxl-white \" href=\"https:\/\/www.youtube.com\/channel\/UCWtRCh8V41q_Xh1C_duWnHA\" target=\"_blank\" rel=\"noopener\">\r\n                        <i aria-hidden=\"true\" class=\"fab fa-youtube\"><\/i>                    <\/a>\r\n                                    <\/div>\r\n    <\/div>\r\n<\/div>\r\n\r\n\t\t\t\t<\/div>\n\t\t\t\t<\/div>\n\t\t            <\/div>\r\n        <\/div>\r\n                <div class=\"elementor-column elementor-col-50 elementor-top-column elementor-element elementor-element-e5e12bf pxl-column-none pxl-column-overflow-hidden-no\" data-id=\"e5e12bf\" data-element_type=\"column\" data-e-type=\"column\">\r\n        <div class=\"elementor-widget-wrap elementor-element-populated\">\r\n                     \r\n        \t\t<div class=\"elementor-element elementor-element-1cc1581 elementor-widget elementor-widget-pxl_heading\" data-id=\"1cc1581\" data-element_type=\"widget\" data-e-type=\"widget\" data-widget_type=\"pxl_heading.default\">\n\t\t\t\t<div class=\"elementor-widget-container\">\n\t\t\t\t\t\n<div id=\"pxl-pxl_heading-1cc1581-2556\" class=\"pxl-heading   \" >\n\t<div class=\"pxl-heading--container\" >\n\t\t<div class=\"pxl-heading--inner\">\n\t\t\t\t\t\t\t<div class=\"pxl-item--subtitle \" data-wow-delay=\"ms\">\n\t\t\t\t\t<span class=\"pxl-item--subtext \">\n\t\t\t\t\t\tHikmet Baydar graduated from the Department of Economics at the Faculty of Political Science, Ankara University, in 1984. He began his career in the public sector as an inspector and later continued in the finance sector, specializing in areas such as risk management, fund management, and portfolio management.\t\t\t\t\t<\/span>\n\t\t\t\t<\/div>\n\t\t\t\t\t\t\t\t\t<h3 class=\"pxl-item--title pxl-heading-style-3  \" data-wow-delay=\"ms\">\n\t\t\t\tWho is Hikmet BAYDAR?\t\t\t\t\t\n\t\t\t\t\t\t\t<\/h3>\n\t\t<\/div>\n\t\t\n\t<\/div>\n<\/div>\n\t\t\t\t<\/div>\n\t\t\t\t<\/div>\n\t\t\t\t<div class=\"elementor-element elementor-element-035b9da elementor-widget elementor-widget-pxl_heading\" data-id=\"035b9da\" data-element_type=\"widget\" data-e-type=\"widget\" data-widget_type=\"pxl_heading.default\">\n\t\t\t\t<div class=\"elementor-widget-container\">\n\t\t\t\t\t\n<div id=\"pxl-pxl_heading-035b9da-7551\" class=\"pxl-heading   \" >\n\t<div class=\"pxl-heading--container\" >\n\t\t<div class=\"pxl-heading--inner\">\n\t\t\t\t\t\t\t<div class=\"pxl-item--subtitle \" data-wow-delay=\"ms\">\n\t\t\t\t\t<span class=\"pxl-item--subtext \">\n\t\t\t\t\t\tWith his extensive knowledge in the field of economics, Baydar has played an active role on various platforms. He has participated in economic programs on channels such as TRT, Bloomberg TV, CNNT\u00dcRK, tv100, EKOL TV, EKO T\u00dcRK, A PARA, CNBC-E, and Ulusal TV, analyzing and commenting on current data. Additionally, he has published articles on economics in numerous newspapers and magazines.\t\t\t\t\t<\/span>\n\t\t\t\t<\/div>\n\t\t\t\t\t\t\t\t\t<h3 class=\"pxl-item--title pxl-heading-style-3  \" data-wow-delay=\"ms\">\n\t\t\t\tMedia Analysis\t\t\t\t\t\n\t\t\t\t\t\t\t<\/h3>\n\t\t<\/div>\n\t\t\n\t<\/div>\n<\/div>\n\t\t\t\t<\/div>\n\t\t\t\t<\/div>\n\t\t\t\t<div class=\"elementor-element elementor-element-5b7f73a elementor-widget elementor-widget-pxl_heading\" data-id=\"5b7f73a\" data-element_type=\"widget\" data-e-type=\"widget\" data-widget_type=\"pxl_heading.default\">\n\t\t\t\t<div class=\"elementor-widget-container\">\n\t\t\t\t\t\n<div id=\"pxl-pxl_heading-5b7f73a-5738\" class=\"pxl-heading   \" >\n\t<div class=\"pxl-heading--container\" >\n\t\t<div class=\"pxl-heading--inner\">\n\t\t\t\t\t\t\t<div class=\"pxl-item--subtitle \" data-wow-delay=\"ms\">\n\t\t\t\t\t<span class=\"pxl-item--subtext \">\n\t\t\t\t\t\tThroughout his career, he has provided banking training under the umbrella of banks and the Turkish Banks Association. Additionally, he has organized seminars on topics such as the impact of global crises on companies, the measures companies need to take, and strategies for hedging exchange rate and interest rate risks at institutions like the Istanbul Chamber of Commerce, Uluda\u011f Exporters' Association, ITKIB, KOSGEB, EBSO, Eski\u015fehir Chamber of Industry, M\u00dcS\u0130AD, and YEN\u0130AD. Furthermore, he has delivered conferences at various universities and has been invited as a speaker.\t\t\t\t\t<\/span>\n\t\t\t\t<\/div>\n\t\t\t\t\t\t\t\t\t<h3 class=\"pxl-item--title pxl-heading-style-3  \" data-wow-delay=\"ms\">\n\t\t\t\tCorporate Trainings\t\t\t\t\t\n\t\t\t\t\t\t\t<\/h3>\n\t\t<\/div>\n\t\t\n\t<\/div>\n<\/div>\n\t\t\t\t<\/div>\n\t\t\t\t<\/div>\n\t\t\t\t<div class=\"elementor-element elementor-element-63e3a8e elementor-widget elementor-widget-pxl_heading\" data-id=\"63e3a8e\" data-element_type=\"widget\" data-e-type=\"widget\" data-widget_type=\"pxl_heading.default\">\n\t\t\t\t<div class=\"elementor-widget-container\">\n\t\t\t\t\t\n<div id=\"pxl-pxl_heading-63e3a8e-6479\" class=\"pxl-heading   \" >\n\t<div class=\"pxl-heading--container\" >\n\t\t<div class=\"pxl-heading--inner\">\n\t\t\t\t\t\t\t<div class=\"pxl-item--subtitle \" data-wow-delay=\"ms\">\n\t\t\t\t\t<span class=\"pxl-item--subtext \">\n\t\t\t\t\t\tBaydar, who has achieved international success, was invited as a speaker to represent Turkey at the Funds World Middle East conference held in the United Arab Emirates in 2007. He also won the 'The Best Mega Trader' award in the Currency Futures competition organized by the Chicago Mercantile Exchange. He completed the Futures Options certification program in the USA and studied French railway operations under SNCF in France.\t\t\t\t\t<\/span>\n\t\t\t\t<\/div>\n\t\t\t\t\t\t\t\t\t<h3 class=\"pxl-item--title pxl-heading-style-3  \" data-wow-delay=\"ms\">\n\t\t\t\tGlobal Success\t\t\t\t\t\n\t\t\t\t\t\t\t<\/h3>\n\t\t<\/div>\n\t\t\n\t<\/div>\n<\/div>\n\t\t\t\t<\/div>\n\t\t\t\t<\/div>\n\t\t\t\t<div class=\"elementor-element elementor-element-7a8d9dc elementor-widget elementor-widget-pxl_heading\" data-id=\"7a8d9dc\" data-element_type=\"widget\" data-e-type=\"widget\" data-widget_type=\"pxl_heading.default\">\n\t\t\t\t<div class=\"elementor-widget-container\">\n\t\t\t\t\t\n<div id=\"pxl-pxl_heading-7a8d9dc-7977\" class=\"pxl-heading   \" >\n\t<div class=\"pxl-heading--container\" >\n\t\t<div class=\"pxl-heading--inner\">\n\t\t\t\t\t\t\t<div class=\"pxl-item--subtitle \" data-wow-delay=\"ms\">\n\t\t\t\t\t<span class=\"pxl-item--subtext \">\n\t\t\t\t\t\tHikmet Baydar, who holds the Advanced Level License from the Capital Markets Board, is proficient in advanced English. With his expertise in finance, economics, and risk management, he stands out in the industry and attracts attention on the platforms where he shares his knowledge and experience.\t\t\t\t\t<\/span>\n\t\t\t\t<\/div>\n\t\t\t\t\t\t\t\t\t<h3 class=\"pxl-item--title pxl-heading-style-3  \" data-wow-delay=\"ms\">\n\t\t\t\tProfessional Expertise\t\t\t\t\t\n\t\t\t\t\t\t\t<\/h3>\n\t\t<\/div>\n\t\t\n\t<\/div>\n<\/div>\n\t\t\t\t<\/div>\n\t\t\t\t<\/div>\n\t\t\t\t<div class=\"elementor-element elementor-element-8a86a9a elementor-widget elementor-widget-pxl_list\" data-id=\"8a86a9a\" data-element_type=\"widget\" data-e-type=\"widget\" data-widget_type=\"pxl_list.default\">\n\t\t\t\t<div class=\"elementor-widget-container\">\n\t\t\t\t\t\r\n    <div class=\"pxl-list list-default \" data-wow-delay=\"ms\">\r\n        <div class=\"pxl-item--container\">\r\n            <div class=\"pxl-item--inner\">\r\n                                <ul class=\"pxl-item--lists\">\r\n                                                                    <li class=\"pxl-item elementor-repeater-item-d2d9bc2\">\r\n                                                            <div class=\"pxl-item--icon\">\r\n                                    <i class=\"flaticon flaticon-bullet-tick\"><\/i>\r\n                                <\/div>\r\n                                                                                        <div class=\"pxl-item--content\">\r\n                                    The Best Mega Trader                                <\/div>\r\n                                                    <\/li>\r\n                                                                    <li class=\"pxl-item elementor-repeater-item-f0c3335\">\r\n                                                            <div class=\"pxl-item--icon\">\r\n                                    <i class=\"flaticon flaticon-bullet-tick\"><\/i>\r\n                                <\/div>\r\n                                                                                        <div class=\"pxl-item--content\">\r\n                                    ABD Futures Options Certificate                                <\/div>\r\n                                                    <\/li>\r\n                                    <\/ul>\r\n            <\/div>\r\n        <\/div>\r\n    <\/div>\r\n\t\t\t\t<\/div>\n\t\t\t\t<\/div>\n\t\t            <\/div>\r\n        <\/div>\r\n        \t\t\t<\/div>\n\t\t<\/section>\n\t\t\t\t<\/div>\n\t\t","protected":false},"excerpt":{"rendered":"<p>Economist Hikmet BAYDAR Email Address hikmetbaydar@3-goz.com Phone Number +90 (212) 882 16 62 Address Turgut \u00d6zal Blv., Bayram Sok. 8\/A Blok: 02 B.\u00c7ekmece \u0130STANBUL Hikmet Baydar graduated from the Department of Economics at the Faculty of Political Science, Ankara University, in 1984. He began his career in the public sector as an inspector and later [&hellip;]<\/p>\n","protected":false},"author":1,"featured_media":0,"parent":0,"menu_order":0,"comment_status":"closed","ping_status":"closed","template":"","meta":{"footnotes":""},"class_list":["post-26059","page","type-page","status-publish","hentry"],"_links":{"self":[{"href":"https:\/\/www.3-goz.com\/en\/wp-json\/wp\/v2\/pages\/26059","targetHints":{"allow":["GET"]}}],"collection":[{"href":"https:\/\/www.3-goz.com\/en\/wp-json\/wp\/v2\/pages"}],"about":[{"href":"https:\/\/www.3-goz.com\/en\/wp-json\/wp\/v2\/types\/page"}],"author":[{"embeddable":true,"href":"https:\/\/www.3-goz.com\/en\/wp-json\/wp\/v2\/users\/1"}],"replies":[{"embeddable":true,"href":"https:\/\/www.3-goz.com\/en\/wp-json\/wp\/v2\/comments?post=26059"}],"version-history":[{"count":0,"href":"https:\/\/www.3-goz.com\/en\/wp-json\/wp\/v2\/pages\/26059\/revisions"}],"wp:attachment":[{"href":"https:\/\/www.3-goz.com\/en\/wp-json\/wp\/v2\/media?parent=26059"}],"curies":[{"name":"wp","href":"https:\/\/api.w.org\/{rel}","templated":true}]}}